{"id":1403,"date":"2023-01-09T16:38:04","date_gmt":"2023-01-09T19:38:04","guid":{"rendered":"https:\/\/moneysuite.com.br\/cart\/"},"modified":"2024-02-09T13:06:54","modified_gmt":"2024-02-09T16:06:54","slug":"cart","status":"publish","type":"page","link":"https:\/\/moneysuite.com.br\/en\/cart\/","title":{"rendered":"Cart"},"content":{"rendered":"\t\t<div data-elementor-type=\"wp-page\" data-elementor-id=\"1403\" class=\"elementor elementor-1403 elementor-958\" data-elementor-post-type=\"page\">\n\t\t\t\t\t\t<section class=\"elementor-section elementor-top-section elementor-element elementor-element-4079d17e elementor-section-boxed elementor-section-height-default elementor-section-height-default\" data-id=\"4079d17e\" data-element_type=\"section\" data-e-type=\"section\">\n\t\t\t\t\t\t<div class=\"elementor-container elementor-column-gap-default\">\n\t\t\t\t\t<div class=\"elementor-column elementor-col-100 elementor-top-column elementor-element elementor-element-5ff7d8d\" data-id=\"5ff7d8d\" data-element_type=\"column\" data-e-type=\"column\">\n\t\t\t<div class=\"elementor-widget-wrap elementor-element-populated\">\n\t\t\t\t\t\t<div class=\"elementor-element elementor-element-f0ba9c1 elementor-widget elementor-widget-html\" data-id=\"f0ba9c1\" data-element_type=\"widget\" data-e-type=\"widget\" data-widget_type=\"html.default\">\n\t\t\t\t<div class=\"elementor-widget-container\">\n\t\t\t\t\t<script>\r\n\r\ndocument.querySelector(\"*:lang(en-US) .wp-element-button\").innerHTML = \"Update cart\";\r\n\r\ndocument.querySelector(\"*:lang(en-US) .e-apply-coupon\").innerHTML = \"Apply coupon\";\r\n\r\ndocument.querySelector(\"*:lang(en-US) .cart_totals h2\").innerHTML = \"Total in cart\";\r\n \r\ndocument.querySelector(\"*:lang(en-US) .checkout-button\").innerHTML = \"CONTINUE TO PAYMENT\";\r\n\r\n<\/script>\t\t\t\t<\/div>\n\t\t\t\t<\/div>\n\t\t\t\t\t<\/div>\n\t\t<\/div>\n\t\t\t\t\t<\/div>\n\t\t<\/section>\n\t\t\t\t<\/div>\n\t\t","protected":false},"excerpt":{"rendered":"<p>Carrinho De Compras Envio e Checkout Confirma\u00e7\u00e3o Remover item Imagem de miniatura Produto Pre\u00e7o Quantidade Subtotal &times; Pacote de Planilhas de Finan\u00e7as Pessoais &#8211; MoneySuite Plus &#82;&#36;&nbsp;197,00 Pacote de Planilhas de Finan\u00e7as Pessoais &#8211; MoneySuite Plus&nbsp; quantidade &#82;&#36;&nbsp;197,00 Apply coupon Total in cart Subtotal &#82;&#36;&nbsp;197,00 Total &#82;&#36;&nbsp;197,00 CONTINUE TO PAYMENT<\/p>\n","protected":false},"author":445,"featured_media":0,"parent":0,"menu_order":0,"comment_status":"closed","ping_status":"closed","template":"elementor_header_footer","meta":{"inline_featured_image":false,"footnotes":""},"class_list":["post-1403","page","type-page","status-publish","hentry"],"_links":{"self":[{"href":"https:\/\/moneysuite.com.br\/en\/wp-json\/wp\/v2\/pages\/1403","targetHints":{"allow":["GET"]}}],"collection":[{"href":"https:\/\/moneysuite.com.br\/en\/wp-json\/wp\/v2\/pages"}],"about":[{"href":"https:\/\/moneysuite.com.br\/en\/wp-json\/wp\/v2\/types\/page"}],"author":[{"embeddable":true,"href":"https:\/\/moneysuite.com.br\/en\/wp-json\/wp\/v2\/users\/445"}],"replies":[{"embeddable":true,"href":"https:\/\/moneysuite.com.br\/en\/wp-json\/wp\/v2\/comments?post=1403"}],"version-history":[{"count":0,"href":"https:\/\/moneysuite.com.br\/en\/wp-json\/wp\/v2\/pages\/1403\/revisions"}],"wp:attachment":[{"href":"https:\/\/moneysuite.com.br\/en\/wp-json\/wp\/v2\/media?parent=1403"}],"curies":[{"name":"wp","href":"https:\/\/api.w.org\/{rel}","templated":true}]}}